{"id":570,"date":"2024-02-08T08:33:23","date_gmt":"2024-02-08T07:33:23","guid":{"rendered":"https:\/\/annacarre.com\/politica-de-cookies\/"},"modified":"2024-02-09T13:27:35","modified_gmt":"2024-02-09T12:27:35","slug":"politica-de-cookies","status":"publish","type":"page","link":"https:\/\/annacarre.com\/es\/politica-de-cookies\/","title":{"rendered":"Pol\u00edtica de cookies"},"content":{"rendered":"\t\t<div data-elementor-type=\"wp-page\" data-elementor-id=\"570\" class=\"elementor elementor-570 elementor-467\" data-elementor-post-type=\"page\">\n\t\t\t\t\t\t<section class=\"elementor-section elementor-top-section elementor-element elementor-element-bc372f5 elementor-section-boxed elementor-section-height-default elementor-section-height-default\" data-id=\"bc372f5\" data-element_type=\"section\" data-e-type=\"section\">\n\t\t\t\t\t\t<div class=\"elementor-container elementor-column-gap-default\">\n\t\t\t\t\t<div class=\"elementor-column elementor-col-100 elementor-top-column elementor-element elementor-element-4825fc6\" data-id=\"4825fc6\" data-element_type=\"column\" data-e-type=\"column\">\n\t\t\t<div class=\"elementor-widget-wrap elementor-element-populated\">\n\t\t\t\t\t\t<div class=\"elementor-element elementor-element-e092862 elementor-widget elementor-widget-spacer\" data-id=\"e092862\" data-element_type=\"widget\" data-e-type=\"widget\" data-widget_type=\"spacer.default\">\n\t\t\t\t<div class=\"elementor-widget-container\">\n\t\t\t\t\t\t\t<div class=\"elementor-spacer\">\n\t\t\t<div class=\"elementor-spacer-inner\"><\/div>\n\t\t<\/div>\n\t\t\t\t\t\t<\/div>\n\t\t\t\t<\/div>\n\t\t\t\t<div class=\"elementor-element elementor-element-bfedcc2 elementor-widget elementor-widget-heading\" data-id=\"bfedcc2\" data-element_type=\"widget\" data-e-type=\"widget\" data-widget_type=\"heading.default\">\n\t\t\t\t<div class=\"elementor-widget-container\">\n\t\t\t\t\t<h2 class=\"elementor-heading-title elementor-size-default\">Pol\u00edtica de cookies<\/h2>\t\t\t\t<\/div>\n\t\t\t\t<\/div>\n\t\t\t\t<div class=\"elementor-element elementor-element-2e32b4e elementor-widget elementor-widget-text-editor\" data-id=\"2e32b4e\" data-element_type=\"widget\" data-e-type=\"widget\" data-widget_type=\"text-editor.default\">\n\t\t\t\t<div class=\"elementor-widget-container\">\n\t\t\t\t\t\t\t\t\t<p class=\"p1\"><span class=\"s1\"><b>I. \u00bfQU\u00c9 SON LAS COOKIES?<\/b><\/span><\/p>\n<p class=\"p1\"><span class=\"s1\"><b>1. Las <i>cookies<\/i><\/b> o cookies son breves archivos de informaci\u00f3n que se env\u00edan y almacenan en el disco duro del ordenador del usuario a trav\u00e9s de su navegador cuando \u00e9ste se conecta a una web. Las cookies se pueden utilizar para pedir y almacenar datos del usuario mientras est\u00e1 conectado para facilitarle los servicios solicitados y que no suelen conservarse (cookies de sesi\u00f3n), o para conservar los datos del usuario para un otro tipo de servicios futuros y que pueden conservarse por un tiempo indefinido (cookies persistentes). Las cookies pueden ser propias o de terceros.  <\/span><\/p>\n<p class=\"p1\"><span class=\"s1\">Hay varios <b>tipos de cookies<\/b>:<\/span><\/p>\n<p class=\"p3\"><span class=\"s1\"><b><i>Cookies t\u00e9cnicas<\/i><\/b> que facilitan la navegaci\u00f3n del usuario y la utilizaci\u00f3n de las diferentes opciones o servicios que ofrece la web como identificar la sesi\u00f3n, permitir el acceso a determinadas \u00e1reas, facilitar pedidos, compras, rellenar formularios, inscripciones, seguridad, facilitar funcionalidades (v\u00eddeos, redes sociales, etc.).<\/span><\/p>\n<p class=\"p3\"><span class=\"s1\"><b><i>Cookies de seguridad<\/i><\/b><i>\u00b7<\/i>que impiden o dificultan ataques contra el sitio web o sus usuarios.<\/span><\/p>\n<p class=\"p3\"><span class=\"s1\"><b><i>Cookies de personalizaci\u00f3n<\/i><\/b> que permiten al usuario acceder a los servicios seg\u00fan sus preferencias (idioma, navegador, configuraci\u00f3n, etc.).<\/span><\/p>\n<p class=\"p3\"><span class=\"s1\"><b><i>Cookies de an\u00e1lisis<\/i><\/b><i>\u00b7<\/i>que permiten el an\u00e1lisis an\u00f3nimo del comportamiento de los usuarios de la web y que permiten medir la actividad del usuario y elaborar perfiles de navegaci\u00f3n con el objetivo de mejorar los sitios web.<\/span><\/p>\n<p class=\"p3\"><span class=\"s1\"><b><i>Cookies publicitarias<\/i><\/b><i>\u00b7<\/i>que permiten la gesti\u00f3n de la frecuencia y del contenido de los anuncios.<\/span><\/p>\n<p class=\"p3\"><span class=\"s1\"><b><i>Cookies de publicidad<\/i><\/b> personalizada que permiten la gesti\u00f3n de los espacios publicitarios de la web sobre la base del comportamiento y h\u00e1bitos de navegaci\u00f3n del usuario, de donde se obtiene su perfil el cual permite personalizar la publicidad que se muestra en el navegador del usuario.<\/span><\/p>\n<p class=\"p3\"><span class=\"s1\"><b><i>Cookies de seguimiento<\/i><\/b> que almacenan informaci\u00f3n sobre los usuarios para mostrarles publicidad personalizada.<\/span><\/p>\n<p class=\"p3\"><span class=\"s1\"><b><i>Cookies sociales<\/i><\/b> que los proveedores de servicios de redes sociales pueden instalar cuando el usuario selecciona compartir un determinado contenido de nuestro sitio web en la red social en la que operen: Facebook, Twitter, YouTube\u2026<\/span><\/p>\n<p class=\"p1\"><span class=\"s1\"><b><i>2. Las galletas<\/i><\/b> tienen un papel importante, ya que <b>sin ellas el uso de la web ser\u00eda una experiencia mucho m\u00e1s compleja<\/b>. Desde un punto de vista t\u00e9cnico, permiten que las p\u00e1ginas web funcionen de forma m\u00e1s \u00e1gil y adaptada a las preferencias del usuario como, por ejemplo, almacenando su idioma. Adem\u00e1s, ayudan al responsable del sitio web a mejorar los servicios que ofrece gracias a la informaci\u00f3n estad\u00edstica que ellas recopilan. <\/span><\/p>\n<p class=\"p1\"><span class=\"s1\"><b>3. Los<\/b> <b>usuarios<\/b><i> <\/i>tienen derecho a saber si la p\u00e1gina en la que navegan instala cookies afectadas por la ley. La norma establece los siguientes requisitos m\u00ednimos de informaci\u00f3n: <\/span><\/p>\n<ol class=\"ol1\">\n<li class=\"li1\"><span class=\"s1\">\u00bfQu\u00e9 son las cookies?<\/span><\/li>\n<li class=\"li1\"><span class=\"s1\">\u00bfPara qu\u00e9 se utilizan?<\/span><\/li>\n<li class=\"li1\"><span class=\"s1\">\u00bfQui\u00e9n las instala?<\/span><\/li>\n<li class=\"li1\"><span class=\"s1\">\u00bfC\u00f3mo se rechazan?<\/span><\/li>\n<\/ol>\n<p class=\"p1\"><span class=\"s1\"><b>4. \u00bfQui\u00e9n debe cumplir con la Ley cookies?<\/b> Tanto las empresas como los profesionales que tengan una p\u00e1gina web, as\u00ed como otras que ofrezcan servicios de la informaci\u00f3n deben cumplir con la ley. Y esto se aplica tanto a quienes est\u00e1n establecidos en Espa\u00f1a, como a quienes llevan p\u00e1ginas web extranjeras que van dirigidas a Espa\u00f1a. <\/span><\/p>\n<p class=\"p1\"><span class=\"s1\"><b>II. POL\u00cdTICA DE COOKIES <\/b><\/span><\/p>\n<p class=\"p1\"><span class=\"s1\"><b>1. Cookies recopiladas<\/b><\/span><\/p>\n<p class=\"p5\"><span class=\"s2\"><b>ANNA CARR\u00c9 I VILANOVA<\/b><\/span> <span class=\"s1\">utiliza cookies para optimizar y mejorar la navegaci\u00f3n y experiencia de los usuarios en todas sus webs.<\/span><\/p>\n<p class=\"p5\"><span class=\"s1\">Google Analytics: Los datos indexados por las cookies de Google Analytics son an\u00f3nimas y se utilizan \u00fanicamente para valorar la navegaci\u00f3n en la web.<\/span><\/p>\n<p class=\"p5\"><span class=\"s1\">Facebook, Twitter y otras redes sociales necesitan utilizar cookies para reconocer tu ordenador.<\/span><\/p>\n<p class=\"p1\"><span class=\"s1\"><b>2. Desactivaci\u00f3n o eliminaci\u00f3n de cookies<\/b><\/span><\/p>\n<p class=\"p5\"><span class=\"s1\">En cualquier momento podr\u00e1 ejercitar su derecho de desactivaci\u00f3n o eliminaci\u00f3n de cookies de este sitio web. Estas acciones se realizan de forma diferente en funci\u00f3n del navegador que est\u00e9 utilizando. <\/span><\/p>\n<p class=\"p1\"><span class=\"s1\"><b>3. Notas adicionales<\/b><\/span><\/p>\n<p class=\"p7\"><span class=\"s1\">\u2022 Ni esta web ni sus representantes legales se hacen responsables ni del contenido ni de la veracidad de las pol\u00edticas de privacidad que puedan tener los terceros citados en esta pol\u00edtica de cookies.<\/span><\/p>\n<p class=\"p7\"><span class=\"s1\">\u2022 Los navegadores web son las herramientas encargadas de almacenar las cookies y desde este sitio de efectuar su derecho a eliminaci\u00f3n o desactivaci\u00f3n de las mismas. Ni esta web ni sus representantes legales pueden garantizar la correcta o incorrecta manipulaci\u00f3n de las cookies por parte de dichos navegadores. <\/span><\/p>\n<p class=\"p7\"><span class=\"s1\">\u2022 En algunos casos es necesario instalar cookies para que el navegador no olvide su decisi\u00f3n de no aceptaci\u00f3n de las mismas.<\/span><\/p>\n<p class=\"p7\"><span class=\"s1\">\u2022 En el caso de las cookies de Google Analytics, esta empresa almacena las cookies en los servidores en Estados Unidos y se compromete a no compartirla con terceros, salvo en los casos en que sea necesario para el funcionamiento del sistema o cuando la ley obligue a tal efecto. Seg\u00fan Google no guarda su direcci\u00f3n IP. Google Inc es una compa\u00f1\u00eda adherida al Acuerdo de Port Segur que garantiza que todos los datos transferidos ser\u00e1n tratados con un nivel de protecci\u00f3n de acuerdo con la normativa europea. Si desea informaci\u00f3n sobre el uso que Google da a las cookies le adjuntamos este otro    <\/span><span style=\"color: #000000;\"><a style=\"color: #000000;\" href=\"https:\/\/developers.google.com\/analytics\/devguides\/collection\/analyticsjs\/cookie-usage?hl=es&amp;csw=1\">e<span class=\"s3\">nlace<\/span><\/a><\/span><span class=\"s1\">.<\/span><\/p>\n<p class=\"p7\"><span class=\"s1\">\u2022 Para cualquier duda o consulta sobre esta pol\u00edtica de cookies no dude en comunicarse con nosotros a trav\u00e9s de la secci\u00f3n de contacto.<\/span><\/p>\n\t\t\t\t\t\t\t\t<\/div>\n\t\t\t\t<\/div>\n\t\t\t\t<div class=\"elementor-element elementor-element-722ddfc elementor-widget elementor-widget-spacer\" data-id=\"722ddfc\" data-element_type=\"widget\" data-e-type=\"widget\" data-widget_type=\"spacer.default\">\n\t\t\t\t<div class=\"elementor-widget-container\">\n\t\t\t\t\t\t\t<div class=\"elementor-spacer\">\n\t\t\t<div class=\"elementor-spacer-inner\"><\/div>\n\t\t<\/div>\n\t\t\t\t\t\t<\/div>\n\t\t\t\t<\/div>\n\t\t\t\t\t<\/div>\n\t\t<\/div>\n\t\t\t\t\t<\/div>\n\t\t<\/section>\n\t\t\t\t<\/div>\n\t\t","protected":false},"excerpt":{"rendered":"<p>Pol\u00edtica de cookies I. \u00bfQU\u00c9 SON LAS COOKIES? 1. Las cookies o cookies son breves archivos de informaci\u00f3n que se env\u00edan y almacenan en el disco duro del ordenador del usuario a trav\u00e9s de su navegador cuando \u00e9ste se conecta a una web. Las cookies se pueden utilizar para pedir y almacenar datos del usuario [&hellip;]<\/p>\n","protected":false},"author":1,"featured_media":0,"parent":0,"menu_order":0,"comment_status":"closed","ping_status":"closed","template":"elementor_header_footer","meta":{"footnotes":""},"class_list":["post-570","page","type-page","status-publish","hentry"],"yoast_head":"<!-- This site is optimized with the Yoast SEO plugin v27.5 - https:\/\/yoast.com\/product\/yoast-seo-wordpress\/ -->\n<title>Pol\u00edtica de cookies - Anna Carr\u00e9<\/title>\n<meta name=\"robots\" content=\"index, follow, max-snippet:-1, max-image-preview:large, max-video-preview:-1\" \/>\n<link rel=\"canonical\" href=\"https:\/\/annacarre.com\/es\/politica-de-cookies\/\" \/>\n<meta property=\"og:locale\" content=\"es_ES\" \/>\n<meta property=\"og:type\" content=\"article\" \/>\n<meta property=\"og:title\" content=\"Pol\u00edtica de cookies - Anna Carr\u00e9\" \/>\n<meta property=\"og:description\" content=\"Pol\u00edtica de cookies I. \u00bfQU\u00c9 SON LAS COOKIES? 1. Las cookies o cookies son breves archivos de informaci\u00f3n que se env\u00edan y almacenan en el disco duro del ordenador del usuario a trav\u00e9s de su navegador cuando \u00e9ste se conecta a una web. Las cookies se pueden utilizar para pedir y almacenar datos del usuario [&hellip;]\" \/>\n<meta property=\"og:url\" content=\"https:\/\/annacarre.com\/es\/politica-de-cookies\/\" \/>\n<meta property=\"og:site_name\" content=\"Anna Carr\u00e9\" \/>\n<meta property=\"article:publisher\" content=\"https:\/\/www.facebook.com\/annacarreart\/\" \/>\n<meta property=\"article:modified_time\" content=\"2024-02-09T12:27:35+00:00\" \/>\n<meta name=\"twitter:card\" content=\"summary_large_image\" \/>\n<meta name=\"twitter:label1\" content=\"Tiempo de lectura\" \/>\n\t<meta name=\"twitter:data1\" content=\"4 minutos\" \/>\n<script type=\"application\/ld+json\" class=\"yoast-schema-graph\">{\"@context\":\"https:\\\/\\\/schema.org\",\"@graph\":[{\"@type\":\"WebPage\",\"@id\":\"https:\\\/\\\/annacarre.com\\\/es\\\/politica-de-cookies\\\/\",\"url\":\"https:\\\/\\\/annacarre.com\\\/es\\\/politica-de-cookies\\\/\",\"name\":\"Pol\u00edtica de cookies - Anna Carr\u00e9\",\"isPartOf\":{\"@id\":\"https:\\\/\\\/annacarre.com\\\/es\\\/#website\"},\"datePublished\":\"2024-02-08T07:33:23+00:00\",\"dateModified\":\"2024-02-09T12:27:35+00:00\",\"breadcrumb\":{\"@id\":\"https:\\\/\\\/annacarre.com\\\/es\\\/politica-de-cookies\\\/#breadcrumb\"},\"inLanguage\":\"es\",\"potentialAction\":[{\"@type\":\"ReadAction\",\"target\":[\"https:\\\/\\\/annacarre.com\\\/es\\\/politica-de-cookies\\\/\"]}]},{\"@type\":\"BreadcrumbList\",\"@id\":\"https:\\\/\\\/annacarre.com\\\/es\\\/politica-de-cookies\\\/#breadcrumb\",\"itemListElement\":[{\"@type\":\"ListItem\",\"position\":1,\"name\":\"Inici\",\"item\":\"https:\\\/\\\/annacarre.com\\\/es\\\/home\\\/\"},{\"@type\":\"ListItem\",\"position\":2,\"name\":\"Pol\u00edtica de cookies\"}]},{\"@type\":\"WebSite\",\"@id\":\"https:\\\/\\\/annacarre.com\\\/es\\\/#website\",\"url\":\"https:\\\/\\\/annacarre.com\\\/es\\\/\",\"name\":\"Anna Carr\u00e9\",\"description\":\"Escola art i manualitats a Olot\",\"publisher\":{\"@id\":\"https:\\\/\\\/annacarre.com\\\/es\\\/#organization\"},\"potentialAction\":[{\"@type\":\"SearchAction\",\"target\":{\"@type\":\"EntryPoint\",\"urlTemplate\":\"https:\\\/\\\/annacarre.com\\\/es\\\/?s={search_term_string}\"},\"query-input\":{\"@type\":\"PropertyValueSpecification\",\"valueRequired\":true,\"valueName\":\"search_term_string\"}}],\"inLanguage\":\"es\"},{\"@type\":\"Organization\",\"@id\":\"https:\\\/\\\/annacarre.com\\\/es\\\/#organization\",\"name\":\"Anna Carre Escola de Manualitats i Belles Arts\",\"url\":\"https:\\\/\\\/annacarre.com\\\/es\\\/\",\"logo\":{\"@type\":\"ImageObject\",\"inLanguage\":\"es\",\"@id\":\"https:\\\/\\\/annacarre.com\\\/es\\\/#\\\/schema\\\/logo\\\/image\\\/\",\"url\":\"https:\\\/\\\/annacarre.com\\\/wp-content\\\/uploads\\\/2024\\\/02\\\/anna-carre_marca-grafica_negre.svg\",\"contentUrl\":\"https:\\\/\\\/annacarre.com\\\/wp-content\\\/uploads\\\/2024\\\/02\\\/anna-carre_marca-grafica_negre.svg\",\"width\":296,\"height\":215,\"caption\":\"Anna Carre Escola de Manualitats i Belles Arts\"},\"image\":{\"@id\":\"https:\\\/\\\/annacarre.com\\\/es\\\/#\\\/schema\\\/logo\\\/image\\\/\"},\"sameAs\":[\"https:\\\/\\\/www.facebook.com\\\/annacarreart\\\/\",\"https:\\\/\\\/www.instagram.com\\\/annacarreart\\\/\"]}]}<\/script>\n<!-- \/ Yoast SEO plugin. -->","yoast_head_json":{"title":"Pol\u00edtica de cookies - Anna Carr\u00e9","robots":{"index":"index","follow":"follow","max-snippet":"max-snippet:-1","max-image-preview":"max-image-preview:large","max-video-preview":"max-video-preview:-1"},"canonical":"https:\/\/annacarre.com\/es\/politica-de-cookies\/","og_locale":"es_ES","og_type":"article","og_title":"Pol\u00edtica de cookies - Anna Carr\u00e9","og_description":"Pol\u00edtica de cookies I. \u00bfQU\u00c9 SON LAS COOKIES? 1. Las cookies o cookies son breves archivos de informaci\u00f3n que se env\u00edan y almacenan en el disco duro del ordenador del usuario a trav\u00e9s de su navegador cuando \u00e9ste se conecta a una web. Las cookies se pueden utilizar para pedir y almacenar datos del usuario [&hellip;]","og_url":"https:\/\/annacarre.com\/es\/politica-de-cookies\/","og_site_name":"Anna Carr\u00e9","article_publisher":"https:\/\/www.facebook.com\/annacarreart\/","article_modified_time":"2024-02-09T12:27:35+00:00","twitter_card":"summary_large_image","twitter_misc":{"Tiempo de lectura":"4 minutos"},"schema":{"@context":"https:\/\/schema.org","@graph":[{"@type":"WebPage","@id":"https:\/\/annacarre.com\/es\/politica-de-cookies\/","url":"https:\/\/annacarre.com\/es\/politica-de-cookies\/","name":"Pol\u00edtica de cookies - Anna Carr\u00e9","isPartOf":{"@id":"https:\/\/annacarre.com\/es\/#website"},"datePublished":"2024-02-08T07:33:23+00:00","dateModified":"2024-02-09T12:27:35+00:00","breadcrumb":{"@id":"https:\/\/annacarre.com\/es\/politica-de-cookies\/#breadcrumb"},"inLanguage":"es","potentialAction":[{"@type":"ReadAction","target":["https:\/\/annacarre.com\/es\/politica-de-cookies\/"]}]},{"@type":"BreadcrumbList","@id":"https:\/\/annacarre.com\/es\/politica-de-cookies\/#breadcrumb","itemListElement":[{"@type":"ListItem","position":1,"name":"Inici","item":"https:\/\/annacarre.com\/es\/home\/"},{"@type":"ListItem","position":2,"name":"Pol\u00edtica de cookies"}]},{"@type":"WebSite","@id":"https:\/\/annacarre.com\/es\/#website","url":"https:\/\/annacarre.com\/es\/","name":"Anna Carr\u00e9","description":"Escola art i manualitats a Olot","publisher":{"@id":"https:\/\/annacarre.com\/es\/#organization"},"potentialAction":[{"@type":"SearchAction","target":{"@type":"EntryPoint","urlTemplate":"https:\/\/annacarre.com\/es\/?s={search_term_string}"},"query-input":{"@type":"PropertyValueSpecification","valueRequired":true,"valueName":"search_term_string"}}],"inLanguage":"es"},{"@type":"Organization","@id":"https:\/\/annacarre.com\/es\/#organization","name":"Anna Carre Escola de Manualitats i Belles Arts","url":"https:\/\/annacarre.com\/es\/","logo":{"@type":"ImageObject","inLanguage":"es","@id":"https:\/\/annacarre.com\/es\/#\/schema\/logo\/image\/","url":"https:\/\/annacarre.com\/wp-content\/uploads\/2024\/02\/anna-carre_marca-grafica_negre.svg","contentUrl":"https:\/\/annacarre.com\/wp-content\/uploads\/2024\/02\/anna-carre_marca-grafica_negre.svg","width":296,"height":215,"caption":"Anna Carre Escola de Manualitats i Belles Arts"},"image":{"@id":"https:\/\/annacarre.com\/es\/#\/schema\/logo\/image\/"},"sameAs":["https:\/\/www.facebook.com\/annacarreart\/","https:\/\/www.instagram.com\/annacarreart\/"]}]}},"_links":{"self":[{"href":"https:\/\/annacarre.com\/es\/wp-json\/wp\/v2\/pages\/570","targetHints":{"allow":["GET"]}}],"collection":[{"href":"https:\/\/annacarre.com\/es\/wp-json\/wp\/v2\/pages"}],"about":[{"href":"https:\/\/annacarre.com\/es\/wp-json\/wp\/v2\/types\/page"}],"author":[{"embeddable":true,"href":"https:\/\/annacarre.com\/es\/wp-json\/wp\/v2\/users\/1"}],"replies":[{"embeddable":true,"href":"https:\/\/annacarre.com\/es\/wp-json\/wp\/v2\/comments?post=570"}],"version-history":[{"count":1,"href":"https:\/\/annacarre.com\/es\/wp-json\/wp\/v2\/pages\/570\/revisions"}],"predecessor-version":[{"id":571,"href":"https:\/\/annacarre.com\/es\/wp-json\/wp\/v2\/pages\/570\/revisions\/571"}],"wp:attachment":[{"href":"https:\/\/annacarre.com\/es\/wp-json\/wp\/v2\/media?parent=570"}],"curies":[{"name":"wp","href":"https:\/\/api.w.org\/{rel}","templated":true}]}}